{"id":622,"date":"2020-12-17T13:45:00","date_gmt":"2020-12-17T12:45:00","guid":{"rendered":"https:\/\/www.gas-speleo.fr\/?page_id=622"},"modified":"2021-01-12T09:59:22","modified_gmt":"2021-01-12T08:59:22","slug":"ssf","status":"publish","type":"page","link":"https:\/\/www.gas-speleo.fr\/index.php\/ssf\/","title":{"rendered":"SSF 32"},"content":{"rendered":"<div class=\"flex_column av_one_half  flex_column_div av-zero-column-padding first  avia-builder-el-0  el_before_av_one_half  avia-builder-el-first  \" style='border-radius:0px; '><section class=\"av_textblock_section \"  itemscope=\"itemscope\" itemtype=\"https:\/\/schema.org\/CreativeWork\" ><div class='avia_textblock  '   itemprop=\"text\" ><p style=\"text-align: justify;\">Le SSF (Sp\u00e9l\u00e9o-Secours Fran\u00e7ais) est une commission sp\u00e9cialis\u00e9e de la FFS (<a href=\"http:\/\/ffspeleo.fr\/\">F\u00e9d\u00e9ration Fran\u00e7aise de Sp\u00e9l\u00e9ologie<\/a>) cr\u00e9\u00e9e en 1977. En effet, l\u2019Etat a d\u00e9cid\u00e9 depuis cette \u00e9poque de d\u00e9l\u00e9guer \u00e0 la FFS l\u2019organisation des secours souterrains\u00a0: le Minist\u00e8re de l\u2019Int\u00e9rieur, par convention, reconna\u00eet le r\u00f4le pr\u00e9pond\u00e9rant et incontournable du SSF pour ce qui concerne la partie souterraine des op\u00e9rations de secours. Ce sont donc les b\u00e9n\u00e9voles de la FFS qui constituent les \u00e9quipes du SSF.<\/p>\n<p style=\"text-align: justify;\">Le SSF est\u00a0<a href=\"https:\/\/www.speleo-secours.fr\/?page_id=1887\">agr\u00e9\u00e9 S\u00e9curit\u00e9 Civile pour les op\u00e9rations de secours en milieu souterrain, dans les cavit\u00e9s naturelles ou artificielles, noy\u00e9es ou \u00e0 l\u2019air libre<\/a>.<\/p>\n<p style=\"text-align: justify;\">Le SSF a donc pour but la mise en \u0153uvre d\u2019\u00e9quipes et de moyens sp\u00e9cialis\u00e9s en secours souterrains, mais poss\u00e8de des missions vari\u00e9es :<\/p>\n<ul>\n<li style=\"text-align: justify;\"><strong>La pr\u00e9vention des accidents en milieu souterrain<\/strong>\u00a0(grottes, gouffres, carri\u00e8res, mines, etc.),<\/li>\n<li style=\"text-align: justify;\"><strong>La formation des sauveteurs sp\u00e9l\u00e9ologues<\/strong>\u00a0(\u00e9quipiers, techniciens, sp\u00e9cialistes, etc.),<\/li>\n<li style=\"text-align: justify;\"><strong>L\u2019organisation et la direction des sauvetages en milieu souterrain<\/strong>,<\/li>\n<li style=\"text-align: justify;\"><strong>La recherche technologique<\/strong>\u00a0dans le souci constant de faire \u00e9voluer et d\u2019am\u00e9liorer l\u2019ensemble de ses techniques.<\/li>\n<\/ul>\n<\/div><\/section><\/div>\n<div class=\"flex_column av_one_half  flex_column_div av-zero-column-padding   avia-builder-el-2  el_after_av_one_half  el_before_av_one_half  \" style='border-radius:0px; '><p><div  class='avia-image-container  av-styling-    avia-builder-el-3  el_before_av_heading  avia-builder-el-first  avia-align-center '  itemprop=\"image\" itemscope=\"itemscope\" itemtype=\"https:\/\/schema.org\/ImageObject\"  ><div class='avia-image-container-inner'><div class='avia-image-overlay-wrap'><img decoding=\"async\" class='wp-image-835 avia-img-lazy-loading-not-835 avia_image' src=\"https:\/\/www.gas-speleo.fr\/wp-content\/uploads\/2020\/12\/ssf.jpg\" alt='Image du SSF' title='ssf' height=\"200\" width=\"200\"  itemprop=\"thumbnailUrl\" srcset=\"https:\/\/www.gas-speleo.fr\/wp-content\/uploads\/2020\/12\/ssf.jpg 200w, https:\/\/www.gas-speleo.fr\/wp-content\/uploads\/2020\/12\/ssf-80x80.jpg 80w, https:\/\/www.gas-speleo.fr\/wp-content\/uploads\/2020\/12\/ssf-36x36.jpg 36w, https:\/\/www.gas-speleo.fr\/wp-content\/uploads\/2020\/12\/ssf-180x180.jpg 180w\" sizes=\"(max-width: 200px) 100vw, 200px\" \/><\/div><\/div><\/div><br \/>\n<div  style='padding-bottom:10px; ' class='av-special-heading av-special-heading-h4  blockquote elegant-quote elegant-centered  avia-builder-el-4  el_after_av_image  avia-builder-el-last  '><h4 class='av-special-heading-tag '  itemprop=\"headline\"  ><span class=\"heading-wrap\">Le Sp\u00e9l\u00e9o Secours Fran\u00e7ais 32 est g\u00e9r\u00e9 par une commission du Comit\u00e9 D\u00e9partemental de Sp\u00e9l\u00e9ologie du Gers.<\/span><\/h4><div class='special-heading-border'><div class='special-heading-inner-border' ><\/div><\/div><\/div><\/p><\/div><div class=\"flex_column av_one_half  flex_column_div av-zero-column-padding first  avia-builder-el-5  el_after_av_one_half  el_before_av_one_half  column-top-margin\" style='border-radius:0px; '><div  class='avia-video avia-video-16-9   av-lazyload-immediate  av-lazyload-video-embed  '   itemprop=\"video\" itemtype=\"https:\/\/schema.org\/VideoObject\"  data-original_url='https:\/\/www.youtube.com\/watch?v=e5fChDrZ728' ><script type='text\/html' class='av-video-tmpl'><div class='avia-iframe-wrap'><iframe loading=\"lazy\" title=\"Lot : exercice de secours au gouffre des Vitarelles\" width=\"1500\" height=\"844\" src=\"https:\/\/www.youtube.com\/embed\/e5fChDrZ728?feature=oembed&autoplay=0&loop=0&controls=1&mute=0\" frameborder=\"0\" allow=\"accelerometer; autoplay; clipboard-write; encrypted-media; gyroscope; picture-in-picture\" allowfullscreen><\/iframe><\/div><\/script><div class='av-click-to-play-overlay'><div class=\"avia_playpause_icon\"><\/div><\/div><\/div><\/div><\/p>\n<div class=\"flex_column av_one_half  flex_column_div av-zero-column-padding   avia-builder-el-7  el_after_av_one_half  avia-builder-el-last  column-top-margin\" style='border-radius:0px; '><div   data-autoplay=''  data-interval='5'  data-animation='fade'  data-show_slide_delay='90'  class='avia-content-slider avia-content-slider-active avia-content-slider1 avia-content-slider-odd  avia-builder-el-8  avia-builder-el-no-sibling  '  itemscope=\"itemscope\" itemtype=\"https:\/\/schema.org\/Blog\" ><div class='avia-content-slider-inner'><div class='slide-entry-wrap'><article class='slide-entry flex_column  post-entry post-entry-980 slide-entry-overview slide-loop-1 slide-parity-odd  av_fullwidth first real-thumbnail post-format-standard'  itemscope=\"itemscope\" itemtype=\"https:\/\/schema.org\/CreativeWork\" ><a href='https:\/\/www.gas-speleo.fr\/index.php\/2021\/01\/10\/lettre-du-ssf\/' data-rel='slide-1' class='slide-image' title='Lettre du SSF'><img decoding=\"async\" width=\"200\" height=\"200\" src=\"https:\/\/www.gas-speleo.fr\/wp-content\/uploads\/2020\/12\/ssf.jpg\" class=\"wp-image-835 avia-img-lazy-loading-not-835 attachment-large size-large wp-post-image\" alt=\"Image du SSF\" srcset=\"https:\/\/www.gas-speleo.fr\/wp-content\/uploads\/2020\/12\/ssf.jpg 200w, https:\/\/www.gas-speleo.fr\/wp-content\/uploads\/2020\/12\/ssf-80x80.jpg 80w, https:\/\/www.gas-speleo.fr\/wp-content\/uploads\/2020\/12\/ssf-36x36.jpg 36w, https:\/\/www.gas-speleo.fr\/wp-content\/uploads\/2020\/12\/ssf-180x180.jpg 180w\" sizes=\"(max-width: 200px) 100vw, 200px\" \/><\/a><div class='slide-content'><header class=\"entry-content-header\"><span class=\"blog-categories minor-meta\"><a href=\"https:\/\/www.gas-speleo.fr\/index.php\/category\/speleo\/\" rel=\"tag\">Sp\u00e9l\u00e9o<\/a>, <a href=\"https:\/\/www.gas-speleo.fr\/index.php\/category\/ssf\/\" rel=\"tag\">SSF<\/a> <\/span><h3 class='slide-entry-title entry-title '  itemprop=\"headline\" ><a href='https:\/\/www.gas-speleo.fr\/index.php\/2021\/01\/10\/lettre-du-ssf\/' title='Lettre du SSF'>Lettre du SSF<\/a><\/h3><span class=\"av-vertical-delimiter\"><\/span><\/header><div class='slide-entry-excerpt entry-content'  itemprop=\"text\" >\nLettre d'information du SSF\n\n\n\n \n\n\n\n\n\n\n\nVoici la lettre du SSF comprenant des informations importante au niveau du SSF 32.\n\n\n\nNous tenons \u00e0 remercier l'ensemble des membres pour leur implications dans les diff\u00e9rentes actions du sp\u00e9l\u00e9o \u2026<\/div><\/div><footer class=\"entry-footer\"><div class='slide-meta'><time class='slide-meta-time updated'  itemprop=\"datePublished\" datetime=\"2021-01-10T19:08:41+01:00\" >10 janvier 2021<\/time><\/div><\/footer><span class='hidden'>\n\t\t\t\t<span class='av-structured-data'  itemprop=\"image\" itemscope=\"itemscope\" itemtype=\"https:\/\/schema.org\/ImageObject\" >\n\t\t\t\t\t\t<span itemprop='url'>https:\/\/www.gas-speleo.fr\/wp-content\/uploads\/2020\/12\/ssf.jpg<\/span>\n\t\t\t\t\t\t<span itemprop='height'>200<\/span>\n\t\t\t\t\t\t<span itemprop='width'>200<\/span>\n\t\t\t\t<\/span>\n\t\t\t\t<span class='av-structured-data'  itemprop=\"publisher\" itemtype=\"https:\/\/schema.org\/Organization\" itemscope=\"itemscope\" >\n\t\t\t\t\t\t<span itemprop='name'>Max<\/span>\n\t\t\t\t\t\t<span itemprop='logo' itemscope itemtype='https:\/\/schema.org\/ImageObject'>\n\t\t\t\t\t\t\t<span itemprop='url'>http:\/\/www.gas-speleo.fr\/wp-content\/uploads\/2020\/12\/logo-gas-ffs.jpg<\/span>\n\t\t\t\t\t\t <\/span>\n\t\t\t\t<\/span><span class='av-structured-data'  itemprop=\"author\" itemscope=\"itemscope\" itemtype=\"https:\/\/schema.org\/Person\" ><span itemprop='name'>Max<\/span><\/span><span class='av-structured-data'  itemprop=\"datePublished\" datetime=\"2020-12-17T13:45:00+01:00\" >2021-01-10 19:08:41<\/span><span class='av-structured-data'  itemprop=\"dateModified\" itemtype=\"https:\/\/schema.org\/dateModified\" >2021-05-13 23:00:45<\/span><span class='av-structured-data'  itemprop=\"mainEntityOfPage\" itemtype=\"https:\/\/schema.org\/mainEntityOfPage\" ><span itemprop='name'>Lettre du SSF<\/span><\/span><\/span><\/article><\/div><div class='slide-entry-wrap'><article class='slide-entry flex_column  post-entry post-entry-962 slide-entry-overview slide-loop-2 slide-parity-odd  av_fullwidth first real-thumbnail post-format-standard'  itemscope=\"itemscope\" itemtype=\"https:\/\/schema.org\/CreativeWork\" ><a href='https:\/\/www.gas-speleo.fr\/index.php\/2021\/01\/09\/voeux-du-ssf-32\/' data-rel='slide-1' class='slide-image' title='V\u0153ux du SSF 32'><img decoding=\"async\" width=\"1030\" height=\"1030\" src=\"https:\/\/www.gas-speleo.fr\/wp-content\/uploads\/2021\/01\/CDV_SSF_2-1030x1030.png\" class=\"wp-image-914 avia-img-lazy-loading-not-914 attachment-large size-large wp-post-image\" alt=\"voeux du SSF 32\" srcset=\"https:\/\/www.gas-speleo.fr\/wp-content\/uploads\/2021\/01\/CDV_SSF_2-1030x1030.png 1030w, https:\/\/www.gas-speleo.fr\/wp-content\/uploads\/2021\/01\/CDV_SSF_2-300x300.png 300w, https:\/\/www.gas-speleo.fr\/wp-content\/uploads\/2021\/01\/CDV_SSF_2-80x80.png 80w, https:\/\/www.gas-speleo.fr\/wp-content\/uploads\/2021\/01\/CDV_SSF_2-768x768.png 768w, https:\/\/www.gas-speleo.fr\/wp-content\/uploads\/2021\/01\/CDV_SSF_2-36x36.png 36w, https:\/\/www.gas-speleo.fr\/wp-content\/uploads\/2021\/01\/CDV_SSF_2-180x180.png 180w, https:\/\/www.gas-speleo.fr\/wp-content\/uploads\/2021\/01\/CDV_SSF_2-705x705.png 705w, https:\/\/www.gas-speleo.fr\/wp-content\/uploads\/2021\/01\/CDV_SSF_2.png 1208w\" sizes=\"(max-width: 1030px) 100vw, 1030px\" \/><\/a><div class='slide-content'><header class=\"entry-content-header\"><span class=\"blog-categories minor-meta\"><a href=\"https:\/\/www.gas-speleo.fr\/index.php\/category\/speleo\/\" rel=\"tag\">Sp\u00e9l\u00e9o<\/a>, <a href=\"https:\/\/www.gas-speleo.fr\/index.php\/category\/ssf\/\" rel=\"tag\">SSF<\/a> <\/span><h3 class='slide-entry-title entry-title '  itemprop=\"headline\" ><a href='https:\/\/www.gas-speleo.fr\/index.php\/2021\/01\/09\/voeux-du-ssf-32\/' title='V\u0153ux du SSF 32'>V\u0153ux du SSF 32<\/a><\/h3><span class=\"av-vertical-delimiter\"><\/span><\/header><div class='slide-entry-excerpt entry-content'  itemprop=\"text\" >Le SSF 32 vous pr\u00e9sentent leurs v\u0153ux ainsi que la lettre du SSF<\/div><\/div><footer class=\"entry-footer\"><div class='slide-meta'><time class='slide-meta-time updated'  itemprop=\"datePublished\" datetime=\"2021-01-09T22:40:44+01:00\" >9 janvier 2021<\/time><\/div><\/footer><span class='hidden'>\n\t\t\t\t<span class='av-structured-data'  itemprop=\"image\" itemscope=\"itemscope\" itemtype=\"https:\/\/schema.org\/ImageObject\" >\n\t\t\t\t\t\t<span itemprop='url'>https:\/\/www.gas-speleo.fr\/wp-content\/uploads\/2021\/01\/CDV_SSF_2.png<\/span>\n\t\t\t\t\t\t<span itemprop='height'>1208<\/span>\n\t\t\t\t\t\t<span itemprop='width'>1208<\/span>\n\t\t\t\t<\/span>\n\t\t\t\t<span class='av-structured-data'  itemprop=\"publisher\" itemtype=\"https:\/\/schema.org\/Organization\" itemscope=\"itemscope\" >\n\t\t\t\t\t\t<span itemprop='name'>Max<\/span>\n\t\t\t\t\t\t<span itemprop='logo' itemscope itemtype='https:\/\/schema.org\/ImageObject'>\n\t\t\t\t\t\t\t<span itemprop='url'>http:\/\/www.gas-speleo.fr\/wp-content\/uploads\/2020\/12\/logo-gas-ffs.jpg<\/span>\n\t\t\t\t\t\t <\/span>\n\t\t\t\t<\/span><span class='av-structured-data'  itemprop=\"author\" itemscope=\"itemscope\" itemtype=\"https:\/\/schema.org\/Person\" ><span itemprop='name'>Max<\/span><\/span><span class='av-structured-data'  itemprop=\"datePublished\" datetime=\"2020-12-17T13:45:00+01:00\" >2021-01-09 22:40:44<\/span><span class='av-structured-data'  itemprop=\"dateModified\" itemtype=\"https:\/\/schema.org\/dateModified\" >2021-01-10 21:31:57<\/span><span class='av-structured-data'  itemprop=\"mainEntityOfPage\" itemtype=\"https:\/\/schema.org\/mainEntityOfPage\" ><span itemprop='name'>V\u0153ux du SSF 32<\/span><\/span><\/span><\/article><\/div><div class='slide-entry-wrap'><article class='slide-entry flex_column  post-entry post-entry-647 slide-entry-overview slide-loop-3 slide-parity-odd  post-entry-last  av_fullwidth first real-thumbnail post-format-standard'  itemscope=\"itemscope\" itemtype=\"https:\/\/schema.org\/CreativeWork\" ><a href='https:\/\/www.gas-speleo.fr\/index.php\/2019\/11\/18\/exercice-secours-regionnal-a-themines\/' data-rel='slide-1' class='slide-image' title='Exercice secours r\u00e9gionnal \u00e0 Th\u00e9mines'><img decoding=\"async\" width=\"637\" height=\"484\" src=\"https:\/\/www.gas-speleo.fr\/wp-content\/uploads\/2020\/12\/SFF_32.png\" class=\"wp-image-648 avia-img-lazy-loading-not-648 attachment-large size-large wp-post-image\" alt=\"\" srcset=\"https:\/\/www.gas-speleo.fr\/wp-content\/uploads\/2020\/12\/SFF_32.png 637w, https:\/\/www.gas-speleo.fr\/wp-content\/uploads\/2020\/12\/SFF_32-300x228.png 300w\" sizes=\"(max-width: 637px) 100vw, 637px\" \/><\/a><div class='slide-content'><header class=\"entry-content-header\"><span class=\"blog-categories minor-meta\"><a href=\"https:\/\/www.gas-speleo.fr\/index.php\/category\/ssf\/\" rel=\"tag\">SSF<\/a> <\/span><h3 class='slide-entry-title entry-title '  itemprop=\"headline\" ><a href='https:\/\/www.gas-speleo.fr\/index.php\/2019\/11\/18\/exercice-secours-regionnal-a-themines\/' title='Exercice secours r\u00e9gionnal \u00e0 Th\u00e9mines'>Exercice secours r\u00e9gionnal \u00e0 Th\u00e9mines<\/a><\/h3><span class=\"av-vertical-delimiter\"><\/span><\/header><div class='slide-entry-excerpt entry-content'  itemprop=\"text\" >Une fois par an, un exercice de secours grandeur nature est organis\u00e9 au gouffre des Vitarelles, dans le Lot. En 1999, sept sp\u00e9l\u00e9ologues, surpris par la mont\u00e9e des eaux, y \u00e9taient rest\u00e9s coinc\u00e9s durant dix jours.<\/div><\/div><footer class=\"entry-footer\"><div class='slide-meta'><time class='slide-meta-time updated'  itemprop=\"datePublished\" datetime=\"2019-11-18T14:51:00+01:00\" >18 novembre 2019<\/time><\/div><\/footer><span class='hidden'>\n\t\t\t\t<span class='av-structured-data'  itemprop=\"image\" itemscope=\"itemscope\" itemtype=\"https:\/\/schema.org\/ImageObject\" >\n\t\t\t\t\t\t<span itemprop='url'>https:\/\/www.gas-speleo.fr\/wp-content\/uploads\/2020\/12\/SFF_32.png<\/span>\n\t\t\t\t\t\t<span itemprop='height'>484<\/span>\n\t\t\t\t\t\t<span itemprop='width'>637<\/span>\n\t\t\t\t<\/span>\n\t\t\t\t<span class='av-structured-data'  itemprop=\"publisher\" itemtype=\"https:\/\/schema.org\/Organization\" itemscope=\"itemscope\" >\n\t\t\t\t\t\t<span itemprop='name'>GAS<\/span>\n\t\t\t\t\t\t<span itemprop='logo' itemscope itemtype='https:\/\/schema.org\/ImageObject'>\n\t\t\t\t\t\t\t<span itemprop='url'>http:\/\/www.gas-speleo.fr\/wp-content\/uploads\/2020\/12\/logo-gas-ffs.jpg<\/span>\n\t\t\t\t\t\t <\/span>\n\t\t\t\t<\/span><span class='av-structured-data'  itemprop=\"author\" itemscope=\"itemscope\" itemtype=\"https:\/\/schema.org\/Person\" ><span itemprop='name'>GAS<\/span><\/span><span class='av-structured-data'  itemprop=\"datePublished\" datetime=\"2020-12-17T13:45:00+01:00\" >2019-11-18 14:51:00<\/span><span class='av-structured-data'  itemprop=\"dateModified\" itemtype=\"https:\/\/schema.org\/dateModified\" >2020-12-17 14:58:18<\/span><span class='av-structured-data'  itemprop=\"mainEntityOfPage\" itemtype=\"https:\/\/schema.org\/mainEntityOfPage\" ><span itemprop='name'>Exercice secours r\u00e9gionnal \u00e0 Th\u00e9mines<\/span><\/span><\/span><\/article><\/div><\/div><div class='avia-slideshow-arrows avia-slideshow-controls'><a href='#prev' class='prev-slide' aria-hidden='true' data-av_icon='\ue87c' data-av_iconfont='entypo-fontello'>Pr\u00e9c\u00e9dent<\/a><a href='#next' class='next-slide' aria-hidden='true' data-av_icon='\ue87d' data-av_iconfont='entypo-fontello'>Suivant<\/a><\/div><\/div><\/div>\n","protected":false},"excerpt":{"rendered":"","protected":false},"author":1,"featured_media":0,"parent":0,"menu_order":0,"comment_status":"closed","ping_status":"closed","template":"","meta":{"footnotes":""},"_links":{"self":[{"href":"https:\/\/www.gas-speleo.fr\/index.php\/wp-json\/wp\/v2\/pages\/622"}],"collection":[{"href":"https:\/\/www.gas-speleo.fr\/index.php\/wp-json\/wp\/v2\/pages"}],"about":[{"href":"https:\/\/www.gas-speleo.fr\/index.php\/wp-json\/wp\/v2\/types\/page"}],"author":[{"embeddable":true,"href":"https:\/\/www.gas-speleo.fr\/index.php\/wp-json\/wp\/v2\/users\/1"}],"replies":[{"embeddable":true,"href":"https:\/\/www.gas-speleo.fr\/index.php\/wp-json\/wp\/v2\/comments?post=622"}],"version-history":[{"count":10,"href":"https:\/\/www.gas-speleo.fr\/index.php\/wp-json\/wp\/v2\/pages\/622\/revisions"}],"predecessor-version":[{"id":1006,"href":"https:\/\/www.gas-speleo.fr\/index.php\/wp-json\/wp\/v2\/pages\/622\/revisions\/1006"}],"wp:attachment":[{"href":"https:\/\/www.gas-speleo.fr\/index.php\/wp-json\/wp\/v2\/media?parent=622"}],"curies":[{"name":"wp","href":"https:\/\/api.w.org\/{rel}","templated":true}]}}